{"id":46,"date":"2024-12-13T18:06:53","date_gmt":"2024-12-13T18:06:53","guid":{"rendered":"https:\/\/asa.adg.mybluehost.me\/website_415dca2b\/?page_id=46"},"modified":"2025-11-11T17:48:26","modified_gmt":"2025-11-11T17:48:26","slug":"podgorica","status":"publish","type":"page","link":"https:\/\/lalatovictravelbd.me\/en\/podgorica\/","title":{"rendered":"Modrica"},"content":{"rendered":"\t\t<div data-elementor-type=\"wp-page\" data-elementor-id=\"46\" class=\"elementor elementor-46\" data-elementor-post-type=\"page\">\n\t\t\t\t<div class=\"elementor-element elementor-element-df2a4d8 e-flex e-con-boxed e-con e-parent\" data-id=\"df2a4d8\" data-element_type=\"container\" data-e-type=\"container\">\n\t\t\t\t\t<div class=\"e-con-inner\">\n\t\t<div class=\"elementor-element elementor-element-08559a4 e-con-full e-flex e-con e-child\" data-id=\"08559a4\" data-element_type=\"container\" data-e-type=\"container\">\n\t\t\t\t<div class=\"elementor-element elementor-element-acefdb2 elementor-widget elementor-widget-heading\" data-id=\"acefdb2\" data-element_type=\"widget\" data-e-type=\"widget\" data-widget_type=\"heading.default\">\n\t\t\t\t<div class=\"elementor-widget-container\">\n\t\t\t\t\t<h2 class=\"elementor-heading-title elementor-size-default\">Modrica<\/h2>\t\t\t\t<\/div>\n\t\t\t\t<\/div>\n\t\t\t\t<div class=\"elementor-element elementor-element-14a9476 elementor-widget elementor-widget-text-editor\" data-id=\"14a9476\" data-element_type=\"widget\" data-e-type=\"widget\" data-widget_type=\"text-editor.default\">\n\t\t\t\t<div class=\"elementor-widget-container\">\n\t\t\t\t\t\t\t\t\t<table dir=\"ltr\" border=\"1\" cellspacing=\"0\" cellpadding=\"0\" data-sheets-root=\"1\" data-sheets-baot=\"1\"><colgroup><col width=\"401\" \/><col width=\"94\" \/><\/colgroup><tbody><tr><td>Start From Ulcinj<\/td><td>\u00a0<\/td><\/tr><tr><td><strong>Stop:<\/strong><\/td><td><strong>Time:<\/strong><\/td><\/tr><tr><td>Ulcinj<\/td><td>19:35<\/td><\/tr><tr><td>Bar<\/td><td>20:15<\/td><\/tr><tr><td>Sutomore<\/td><td>20:35<\/td><\/tr><tr><td>Petrovac<\/td><td>21:05<\/td><\/tr><tr><td>Budva<\/td><td>21:55<\/td><\/tr><tr><td>Tivat<\/td><td>22:20<\/td><\/tr><tr><td>Herceg Novi<\/td><td>22:55<\/td><\/tr><tr><td>Rogatica<\/td><td>4:15<\/td><\/tr><tr><td>Sokolac<\/td><td>4:50<\/td><\/tr><tr><td>Vlasenica<\/td><td>5:55<\/td><\/tr><tr><td>Mili\u0107i<\/td><td>6:15<\/td><\/tr><tr><td>Zvornik<\/td><td>7:00<\/td><\/tr><tr><td>Bijeljina<\/td><td>8:10<\/td><\/tr><tr><td>Br\u010dko<\/td><td>9:05<\/td><\/tr><tr><td>Lon\u010dari<\/td><td>9:30<\/td><\/tr><tr><td>\u0160amac<\/td><td>10:00<\/td><\/tr><tr><td>Modri\u010da<\/td><td>10:30<\/td><\/tr><\/tbody><\/table>\t\t\t\t\t\t\t\t<\/div>\n\t\t\t\t<\/div>\n\t\t\t\t<\/div>\n\t\t\t\t\t<\/div>\n\t\t\t\t<\/div>\n\t\t<div class=\"elementor-element elementor-element-1fdc563 e-flex e-con-boxed e-con e-parent\" data-id=\"1fdc563\" data-element_type=\"container\" data-e-type=\"container\">\n\t\t\t\t\t<div class=\"e-con-inner\">\n\t\t\t\t<div class=\"elementor-element elementor-element-e5ed1db elementor-widget elementor-widget-text-editor\" data-id=\"e5ed1db\" data-element_type=\"widget\" data-e-type=\"widget\" data-widget_type=\"text-editor.default\">\n\t\t\t\t<div class=\"elementor-widget-container\">\n\t\t\t\t\t\t\t\t\t<table dir=\"ltr\" border=\"1\" cellspacing=\"0\" cellpadding=\"0\" data-sheets-root=\"1\" data-sheets-baot=\"1\"><colgroup><col width=\"401\" \/><col width=\"94\" \/><\/colgroup><tbody><tr><td><strong>Start From Modri\u010d<\/strong><\/td><td>\u00a0<\/td><\/tr><tr><td><strong>Stop:<\/strong><\/td><td><strong>Time:<\/strong><\/td><\/tr><tr><td>Modri\u010da<\/td><td>19:40<\/td><\/tr><tr><td>\u0160amac<\/td><td>20:10<\/td><\/tr><tr><td>Lon\u010dari<\/td><td>20:40<\/td><\/tr><tr><td>Br\u010dko<\/td><td>21:05<\/td><\/tr><tr><td>Bijeljina<\/td><td>22:00<\/td><\/tr><tr><td>Zvornik<\/td><td>23:10<\/td><\/tr><tr><td>Mili\u0107i<\/td><td>23:55<\/td><\/tr><tr><td>Vlasenica<\/td><td>0:15<\/td><\/tr><tr><td>Sokolac<\/td><td>1:20<\/td><\/tr><tr><td>Rogatica<\/td><td>1:55<\/td><\/tr><tr><td>Herceg Novi<\/td><td>7:15<\/td><\/tr><tr><td>Tivat<\/td><td>8:20<\/td><\/tr><tr><td>Budva<\/td><td>9:00<\/td><\/tr><tr><td>Petrovac<\/td><td>9:25<\/td><\/tr><tr><td>Sutomore<\/td><td>9:45<\/td><\/tr><tr><td>Bar<\/td><td>10:00<\/td><\/tr><tr><td>Ulcinj<\/td><td>10:35<\/td><\/tr><\/tbody><\/table>\t\t\t\t\t\t\t\t<\/div>\n\t\t\t\t<\/div>\n\t\t\t\t\t<\/div>\n\t\t\t\t<\/div>\n\t\t\t\t<\/div>\n\t\t","protected":false},"excerpt":{"rendered":"<p>Modrica Start From Ulcinj \u00a0 Stop: Time: Ulcinj 19:35 Bar 20:15 Sutomore 20:35 Petrovac 21:05 Budva 21:55 Tivat 22:20 Herceg Novi 22:55 Rogatica 4:15 Sokolac 4:50 Vlasenica 5:55 Mili\u0107i 6:15 Zvornik 7:00 Bijeljina 8:10 Br\u010dko 9:05 Lon\u010dari 9:30 \u0160amac 10:00 Modri\u010da 10:30 Start From Modri\u010d \u00a0 Stop: Time: Modri\u010da 19:40 \u0160amac 20:10 Lon\u010dari 20:40 Br\u010dko [&hellip;]<\/p>\n","protected":false},"author":1,"featured_media":0,"parent":0,"menu_order":0,"comment_status":"closed","ping_status":"closed","template":"","meta":{"footnotes":""},"class_list":["post-46","page","type-page","status-publish","hentry"],"aioseo_notices":[],"_links":{"self":[{"href":"https:\/\/lalatovictravelbd.me\/en\/wp-json\/wp\/v2\/pages\/46","targetHints":{"allow":["GET"]}}],"collection":[{"href":"https:\/\/lalatovictravelbd.me\/en\/wp-json\/wp\/v2\/pages"}],"about":[{"href":"https:\/\/lalatovictravelbd.me\/en\/wp-json\/wp\/v2\/types\/page"}],"author":[{"embeddable":true,"href":"https:\/\/lalatovictravelbd.me\/en\/wp-json\/wp\/v2\/users\/1"}],"replies":[{"embeddable":true,"href":"https:\/\/lalatovictravelbd.me\/en\/wp-json\/wp\/v2\/comments?post=46"}],"version-history":[{"count":18,"href":"https:\/\/lalatovictravelbd.me\/en\/wp-json\/wp\/v2\/pages\/46\/revisions"}],"predecessor-version":[{"id":2198,"href":"https:\/\/lalatovictravelbd.me\/en\/wp-json\/wp\/v2\/pages\/46\/revisions\/2198"}],"wp:attachment":[{"href":"https:\/\/lalatovictravelbd.me\/en\/wp-json\/wp\/v2\/media?parent=46"}],"curies":[{"name":"wp","href":"https:\/\/api.w.org\/{rel}","templated":true}]}}